{"id":3963,"date":"2018-05-30T16:36:32","date_gmt":"2018-05-30T19:36:32","guid":{"rendered":"https:\/\/catalogo.castecnologia.com.br\/hardware\/cabos\/cabos-especificos\/rs2000-rs232-sl7000-sd-5v\/"},"modified":"2018-10-05T11:54:28","modified_gmt":"2018-10-05T14:54:28","slug":"rs2000-rs232-sl7000-sd-5v","status":"publish","type":"page","link":"https:\/\/catalogo.castecnologia.com.br\/en\/hardware\/cabos\/cabos-especificos\/rs2000-rs232-sl7000-sd-5v\/","title":{"rendered":"RS2000 RS232 &#8211; SL7000 &#8211; SD 5V"},"content":{"rendered":"<div class=\"wpb-content-wrapper\"><p>[vc_row css=&#8221;.vc_custom_1521559636302{margin-top: 30px !important;}&#8221;][vc_column width=&#8221;4\/6&#8243; css=&#8221;.vc_custom_1521578060712{margin-bottom: 20px !important;}&#8221; offset=&#8221;vc_hidden-md vc_hidden-sm vc_hidden-xs&#8221;][vc_custom_heading text=&#8221;RS2000 RS232 SL7000 SD 5V Cable&#8221; font_container=&#8221;tag:h2|font_size:35|text_align:left&#8221; use_theme_fonts=&#8221;yes&#8221;][vc_separator color=&#8221;custom&#8221; align=&#8221;align_left&#8221; style=&#8221;dashed&#8221; accent_color=&#8221;#135ab8&#8243;][vc_column_text]More information about Specific Cables by clicking on &#8220;<strong>Contact Us<\/strong>&#8221; and downloading the <strong>PDF<\/strong> with the technical specifications.[\/vc_column_text][vc_btn title=&#8221;PDF Download&#8221; style=&#8221;flat&#8221; color=&#8221;inverse&#8221; size=&#8221;lg&#8221; align=&#8221;center&#8221; i_icon_fontawesome=&#8221;fa fa-file-pdf-o&#8221; button_block=&#8221;true&#8221; add_icon=&#8221;true&#8221; link=&#8221;url:%2Fdownloads%2Fpdf%2Fhw%2Fen%2Fcabos%2Fespecifico%2FRS2000-RS232%E2%80%93SL7000-SD-5V.pdf||target:%20_blank|&#8221;][vc_column_text css=&#8221;.vc_custom_1536592862699{margin-top: -40px !important;}&#8221;]<a class=\"fancybox-inline\" href=\"#contact_form_pop\"><br \/>\n<img decoding=\"async\" class=\"opacidadeimg\" src=\"\/wp-content\/uploads\/2018\/08\/i-want-to-be-contacted-MAIOR.png\" alt=\"Contact Us\" loading=\"lazy\" \/><\/a><\/p>\n<div class=\"fancybox-hidden\" style=\"display: none;\">\n<div id=\"contact_form_pop\" class=\"hentry\" style=\"width: 460px; max-width: 100%;\"><center>\n<div class=\"wpcf7 no-js\" id=\"wpcf7-f3460-o1\" lang=\"en-US\" dir=\"ltr\">\n<div class=\"screen-reader-response\"><p role=\"status\" aria-live=\"polite\" aria-atomic=\"true\"><\/p> <ul><\/ul><\/div>\n<form action=\"\/en\/wp-json\/wp\/v2\/pages\/3963#wpcf7-f3460-o1\" method=\"post\" class=\"wpcf7-form init\" aria-label=\"Contact form\" novalidate=\"novalidate\" data-status=\"init\">\n<div style=\"display: none;\">\n<input type=\"hidden\" name=\"_wpcf7\" value=\"3460\" \/>\n<input type=\"hidden\" name=\"_wpcf7_version\" value=\"5.9.5\" \/>\n<input type=\"hidden\" name=\"_wpcf7_locale\" value=\"en_US\" \/>\n<input type=\"hidden\" name=\"_wpcf7_unit_tag\" value=\"wpcf7-f3460-o1\" \/>\n<input type=\"hidden\" name=\"_wpcf7_container_post\" value=\"0\" \/>\n<input type=\"hidden\" name=\"_wpcf7_posted_data_hash\" value=\"\" \/>\n<input type=\"hidden\" name=\"_extcf7_conditional_options\" value=\"{&quot;form_id&quot;:3460,&quot;conditions&quot;:[]}\" \/>\n<input type=\"hidden\" name=\"_extcf7_redirect_options\" value=\"{&quot;form_id&quot;:3460,&quot;redirect_options&quot;:{&quot;redirection_enable&quot;:&quot;on&quot;,&quot;custom_url_enable&quot;:&quot;off&quot;,&quot;redirect_page&quot;:&quot;https:\\\/\\\/catalogo.castecnologia.com.br\\\/contato-enviado\\\/&quot;,&quot;custom_urle&quot;:&quot;&quot;,&quot;redirect_new_tab&quot;:&quot;off&quot;,&quot;js_action&quot;:&quot;off&quot;,&quot;javascript_code&quot;:&quot;&quot;}}\" \/>\n<input type=\"hidden\" name=\"_wpcf7_recaptcha_response\" value=\"\" \/>\n<\/div>\n<h3>Preencha o formul\u00e1rio abaixo:\n<\/h3>\n<div class=\"column one\">\n\t<p><span class=\"wpcf7-form-control-wrap\" data-name=\"your-name\"><input size=\"40\" class=\"wpcf7-form-control wpcf7-text wpcf7-validates-as-required\" aria-required=\"true\" aria-invalid=\"false\" placeholder=\"Seu nome\" value=\"\" type=\"text\" name=\"your-name\" \/><\/span>\n\t<\/p>\n<\/div>\n<div class=\"column one-second\">\n\t<p><span class=\"wpcf7-form-control-wrap\" data-name=\"your-company\"><input size=\"40\" class=\"wpcf7-form-control wpcf7-text\" aria-invalid=\"false\" placeholder=\"Empresa\" value=\"\" type=\"text\" name=\"your-company\" \/><\/span>\n\t<\/p>\n<\/div>\n<div class=\"column one-second\">\n\t<p><span class=\"wpcf7-form-control-wrap\" data-name=\"your-phone\"><input size=\"40\" class=\"wpcf7-form-control wpcf7-text wpcf7-validates-as-required\" aria-required=\"true\" aria-invalid=\"false\" placeholder=\"Whatsapp\" value=\"\" type=\"text\" name=\"your-phone\" \/><\/span>\n\t<\/p>\n<\/div>\n<div class=\"column one\">\n\t<p><span class=\"wpcf7-form-control-wrap\" data-name=\"your-email\"><input size=\"40\" class=\"wpcf7-form-control wpcf7-email wpcf7-validates-as-required wpcf7-text wpcf7-validates-as-email\" aria-required=\"true\" aria-invalid=\"false\" placeholder=\"Seu E-mail\" value=\"\" type=\"email\" name=\"your-email\" \/><\/span>\n\t<\/p>\n<\/div>\n<div class=\"column one\">\n\t<p><span class=\"wpcf7-form-control-wrap\" data-name=\"your-message\"><textarea cols=\"40\" rows=\"8\" class=\"wpcf7-form-control wpcf7-textarea wpcf7-validates-as-required\" aria-required=\"true\" aria-invalid=\"false\" placeholder=\"Mensagem\" name=\"your-message\"><\/textarea><\/span>\n\t<\/p>\n<\/div>\n<div class=\"column one\">\n\t<p><span class=\"wpcf7-form-control-wrap\" data-name=\"checkbox-lgpd\"><span class=\"wpcf7-form-control wpcf7-checkbox wpcf7-validates-as-required\"><span class=\"wpcf7-list-item first last\"><label><input type=\"checkbox\" name=\"checkbox-lgpd[]\" value=\"Concordo em compartilhar estas informa\u00e7\u00f5es com a CAS Tecnologia conforme a Pol\u00edtica de Privacidade.\" \/><span class=\"wpcf7-list-item-label\">Concordo em compartilhar estas informa\u00e7\u00f5es com a CAS Tecnologia conforme a Pol\u00edtica de Privacidade.<\/span><\/label><\/span><\/span><\/span>\n\t<\/p>\n<\/div>\n<div class=\"column one\">\n\t<p>Veja nossa <a href=\"https:\/\/catalogo.castecnologia.com.br\/politica-de-privacidade\/\" target=\"_blank\">Pol\u00edtica de Privacidade<\/a>.\n\t<\/p>\n<\/div>\n<div class=\"column one\">\n\t<p><input class=\"wpcf7-form-control wpcf7-submit has-spinner button_full_width\" type=\"submit\" value=\"Enviar\" \/>\n\t<\/p>\n<\/div><div class=\"wpcf7-response-output\" aria-hidden=\"true\"><\/div>\n<\/form>\n<\/div>\n<\/center><\/div>\n<\/div>\n<p>[\/vc_column_text][vc_custom_heading text=&#8221;Related Products:&#8221; font_container=&#8221;tag:h2|font_size:25|text_align:left&#8221; use_theme_fonts=&#8221;yes&#8221; css=&#8221;.vc_custom_1536592873424{margin-top: 15px !important;}&#8221;][vc_separator color=&#8221;custom&#8221; align=&#8221;align_left&#8221; style=&#8221;dashed&#8221; accent_color=&#8221;#545454&#8243;][vc_tta_accordion style=&#8221;modern&#8221; color=&#8221;black&#8221; active_section=&#8221;4984984&#8243; collapsible_all=&#8221;true&#8221;][vc_tta_section title=&#8221;Remote Terminal Units&#8221; tab_id=&#8221;1520964557975-e9e8e448-513c&#8221;][vc_row_inner css=&#8221;.vc_custom_1521141200377{padding-top: -10px !important;}&#8221;][vc_column_inner width=&#8221;1\/4&#8243;][vc_single_image image=&#8221;1051&#8243; img_size=&#8221;75&#215;75&#8243; alignment=&#8221;center&#8221; style=&#8221;vc_box_shadow&#8221; onclick=&#8221;custom_link&#8221; img_link_target=&#8221;_blank&#8221; link=&#8221;\/en\/hardware\/modulos-de-comunicacao\/&#8221;][\/vc_column_inner][vc_column_inner width=&#8221;3\/4&#8243; css=&#8221;.vc_custom_1521582345580{margin-left: -30px !important;}&#8221;][vc_custom_heading text=&#8221;Compatible with all Remote Terminal Units&#8221; font_container=&#8221;tag:h3|font_size:20|text_align:left|color:%232459b8|line_height:2&#8243; use_theme_fonts=&#8221;yes&#8221; link=&#8221;url:%2Fen%2Fhardware%2Fmodulos-de-comunicacao%2F||target:%20_blank|&#8221; css=&#8221;.vc_custom_1536592962635{margin-top: 15px !important;}&#8221;][\/vc_column_inner][\/vc_row_inner][\/vc_tta_section][\/vc_tta_accordion][\/vc_column][vc_column width=&#8221;2\/6&#8243; css=&#8221;.vc_custom_1521578087252{margin-top: 57px !important;padding-left: 30px !important;}&#8221; offset=&#8221;vc_hidden-md vc_hidden-sm vc_hidden-xs&#8221;][vc_images_carousel images=&#8221;1115&#8243; img_size=&#8221;full&#8221; onclick=&#8221;link_no&#8221; speed=&#8221;4000&#8243; autoplay=&#8221;yes&#8221; hide_prev_next_buttons=&#8221;yes&#8221; wrap=&#8221;yes&#8221; css_animation=&#8221;fadeIn&#8221; css=&#8221;.vc_custom_1527706299720{margin-bottom: -25px !important;}&#8221;][vc_row_inner][vc_column_inner width=&#8221;1\/4&#8243; css=&#8221;.vc_custom_1521662349170{margin-bottom: -60px !important;}&#8221;][vc_single_image image=&#8221;2124&#8243; img_size=&#8221;&#8221; alignment=&#8221;center&#8221; css=&#8221;.vc_custom_1527614664492{margin-top: 25px !important;margin-bottom: -15px !important;}&#8221;][\/vc_column_inner][vc_column_inner width=&#8221;3\/4&#8243; css=&#8221;.vc_custom_1521662344893{margin-top: 20px !important;margin-bottom: -10px !important;padding-bottom: -10px !important;padding-left: -10px !important;}&#8221;][vc_column_text]<\/p>\n<h4>Specific Cables<br \/>\nRS232<br \/>\nref. 130.00088.51<\/h4>\n<p>[\/vc_column_text][\/vc_column_inner][\/vc_row_inner][\/vc_column][\/vc_row][vc_row css=&#8221;.vc_custom_1521559636302{margin-top: 30px !important;}&#8221;][vc_column css=&#8221;.vc_custom_1521578199573{margin-bottom: 20px !important;}&#8221; offset=&#8221;vc_hidden-lg&#8221;][vc_custom_heading text=&#8221;RS2000 RS232<br \/>\nSL7000 SD 5V Cable&#8221; font_container=&#8221;tag:h2|font_size:35|text_align:left|line_height:1&#8243; use_theme_fonts=&#8221;yes&#8221; css=&#8221;.vc_custom_1536593107319{margin-top: -25px !important;}&#8221;][vc_separator color=&#8221;custom&#8221; align=&#8221;align_left&#8221; style=&#8221;dashed&#8221; accent_color=&#8221;#135ab8&#8243;][vc_images_carousel images=&#8221;1115&#8243; img_size=&#8221;full&#8221; onclick=&#8221;link_no&#8221; speed=&#8221;4000&#8243; autoplay=&#8221;yes&#8221; hide_prev_next_buttons=&#8221;yes&#8221; wrap=&#8221;yes&#8221; css_animation=&#8221;fadeIn&#8221; css=&#8221;.vc_custom_1527707478491{margin-bottom: -10px !important;}&#8221;]<div class=\"list_item lists_2 clearfix\"><div class=\"list_left list_image\"><img fetchpriority=\"high\" decoding=\"async\" src=\"https:\/\/catalogo.castecnologia.com.br\/wp-content\/uploads\/2018\/05\/cas-cabo-especificado@3x-1.png\" class=\"scale-with-grid\" alt=\"cas-cabo-especificado@3x\" width=\"1572\" height=\"1572\"\/><\/div><div class=\"list_right\"><div class=\"desc\"><\/p>\n<h5 style=\"margin-top: -25px;\">Specific Cables<br \/>\nRS232<br \/>\nref. 130.0088.51<\/h5>\n<p><\/div><\/div><\/div>\n[vc_column_text css=&#8221;.vc_custom_1536592808174{margin-top: -30px !important;}&#8221;]More information about Specific Cables by clicking on &#8220;<strong>Contact Us<\/strong>&#8221; and downloading the <strong>PDF<\/strong> with the technical specifications.[\/vc_column_text][vc_column_text css=&#8221;.vc_custom_1536592909358{margin-top: -30px !important;}&#8221;]<a class=\"fancybox-inline\" href=\"#contact_form_pop\"><br \/>\n<img decoding=\"async\" class=\"opacidadeimg\" src=\"\/wp-content\/uploads\/2018\/08\/i-want-to-be-contacted.png\" alt=\"Contact Us\" loading=\"lazy\" \/><\/a><\/p>\n<div class=\"fancybox-hidden\" style=\"display: none;\">\n<div id=\"contact_form_pop\" class=\"hentry\" style=\"width: 460px; max-width: 100%;\"><center>\n<div class=\"wpcf7 no-js\" id=\"wpcf7-f3460-o2\" lang=\"en-US\" dir=\"ltr\">\n<div class=\"screen-reader-response\"><p role=\"status\" aria-live=\"polite\" aria-atomic=\"true\"><\/p> <ul><\/ul><\/div>\n<form action=\"\/en\/wp-json\/wp\/v2\/pages\/3963#wpcf7-f3460-o2\" method=\"post\" class=\"wpcf7-form init\" aria-label=\"Contact form\" novalidate=\"novalidate\" data-status=\"init\">\n<div style=\"display: none;\">\n<input type=\"hidden\" name=\"_wpcf7\" value=\"3460\" \/>\n<input type=\"hidden\" name=\"_wpcf7_version\" value=\"5.9.5\" \/>\n<input type=\"hidden\" name=\"_wpcf7_locale\" value=\"en_US\" \/>\n<input type=\"hidden\" name=\"_wpcf7_unit_tag\" value=\"wpcf7-f3460-o2\" \/>\n<input type=\"hidden\" name=\"_wpcf7_container_post\" value=\"0\" \/>\n<input type=\"hidden\" name=\"_wpcf7_posted_data_hash\" value=\"\" \/>\n<input type=\"hidden\" name=\"_extcf7_conditional_options\" value=\"{&quot;form_id&quot;:3460,&quot;conditions&quot;:[]}\" \/>\n<input type=\"hidden\" name=\"_extcf7_redirect_options\" value=\"{&quot;form_id&quot;:3460,&quot;redirect_options&quot;:{&quot;redirection_enable&quot;:&quot;on&quot;,&quot;custom_url_enable&quot;:&quot;off&quot;,&quot;redirect_page&quot;:&quot;https:\\\/\\\/catalogo.castecnologia.com.br\\\/contato-enviado\\\/&quot;,&quot;custom_urle&quot;:&quot;&quot;,&quot;redirect_new_tab&quot;:&quot;off&quot;,&quot;js_action&quot;:&quot;off&quot;,&quot;javascript_code&quot;:&quot;&quot;}}\" \/>\n<input type=\"hidden\" name=\"_wpcf7_recaptcha_response\" value=\"\" \/>\n<\/div>\n<h3>Preencha o formul\u00e1rio abaixo:\n<\/h3>\n<div class=\"column one\">\n\t<p><span class=\"wpcf7-form-control-wrap\" data-name=\"your-name\"><input size=\"40\" class=\"wpcf7-form-control wpcf7-text wpcf7-validates-as-required\" aria-required=\"true\" aria-invalid=\"false\" placeholder=\"Seu nome\" value=\"\" type=\"text\" name=\"your-name\" \/><\/span>\n\t<\/p>\n<\/div>\n<div class=\"column one-second\">\n\t<p><span class=\"wpcf7-form-control-wrap\" data-name=\"your-company\"><input size=\"40\" class=\"wpcf7-form-control wpcf7-text\" aria-invalid=\"false\" placeholder=\"Empresa\" value=\"\" type=\"text\" name=\"your-company\" \/><\/span>\n\t<\/p>\n<\/div>\n<div class=\"column one-second\">\n\t<p><span class=\"wpcf7-form-control-wrap\" data-name=\"your-phone\"><input size=\"40\" class=\"wpcf7-form-control wpcf7-text wpcf7-validates-as-required\" aria-required=\"true\" aria-invalid=\"false\" placeholder=\"Whatsapp\" value=\"\" type=\"text\" name=\"your-phone\" \/><\/span>\n\t<\/p>\n<\/div>\n<div class=\"column one\">\n\t<p><span class=\"wpcf7-form-control-wrap\" data-name=\"your-email\"><input size=\"40\" class=\"wpcf7-form-control wpcf7-email wpcf7-validates-as-required wpcf7-text wpcf7-validates-as-email\" aria-required=\"true\" aria-invalid=\"false\" placeholder=\"Seu E-mail\" value=\"\" type=\"email\" name=\"your-email\" \/><\/span>\n\t<\/p>\n<\/div>\n<div class=\"column one\">\n\t<p><span class=\"wpcf7-form-control-wrap\" data-name=\"your-message\"><textarea cols=\"40\" rows=\"8\" class=\"wpcf7-form-control wpcf7-textarea wpcf7-validates-as-required\" aria-required=\"true\" aria-invalid=\"false\" placeholder=\"Mensagem\" name=\"your-message\"><\/textarea><\/span>\n\t<\/p>\n<\/div>\n<div class=\"column one\">\n\t<p><span class=\"wpcf7-form-control-wrap\" data-name=\"checkbox-lgpd\"><span class=\"wpcf7-form-control wpcf7-checkbox wpcf7-validates-as-required\"><span class=\"wpcf7-list-item first last\"><label><input type=\"checkbox\" name=\"checkbox-lgpd[]\" value=\"Concordo em compartilhar estas informa\u00e7\u00f5es com a CAS Tecnologia conforme a Pol\u00edtica de Privacidade.\" \/><span class=\"wpcf7-list-item-label\">Concordo em compartilhar estas informa\u00e7\u00f5es com a CAS Tecnologia conforme a Pol\u00edtica de Privacidade.<\/span><\/label><\/span><\/span><\/span>\n\t<\/p>\n<\/div>\n<div class=\"column one\">\n\t<p>Veja nossa <a href=\"https:\/\/catalogo.castecnologia.com.br\/politica-de-privacidade\/\" target=\"_blank\">Pol\u00edtica de Privacidade<\/a>.\n\t<\/p>\n<\/div>\n<div class=\"column one\">\n\t<p><input class=\"wpcf7-form-control wpcf7-submit has-spinner button_full_width\" type=\"submit\" value=\"Enviar\" \/>\n\t<\/p>\n<\/div><div class=\"wpcf7-response-output\" aria-hidden=\"true\"><\/div>\n<\/form>\n<\/div>\n<\/center><\/div>\n<\/div>\n<p>[\/vc_column_text][vc_btn title=&#8221;PDF Download&#8221; style=&#8221;flat&#8221; color=&#8221;inverse&#8221; size=&#8221;lg&#8221; align=&#8221;center&#8221; i_icon_fontawesome=&#8221;fa fa-file-pdf-o&#8221; button_block=&#8221;true&#8221; add_icon=&#8221;true&#8221; link=&#8221;url:%2Fdownloads%2Fpdf%2Fhw%2Fen%2Fcabos%2Fespecifico%2F%2Fdownloads%2Fpdf%2Fhw%2Fcabos%2Fespecifico%2FRS2000-RS232%E2%80%93SL7000-SD-5V.pdf||target:%20_blank|&#8221; css=&#8221;.vc_custom_1536592821425{margin-top: -20px !important;}&#8221;][vc_custom_heading text=&#8221;Related Products:&#8221; font_container=&#8221;tag:h2|font_size:25|text_align:left&#8221; use_theme_fonts=&#8221;yes&#8221; css=&#8221;.vc_custom_1536592901454{margin-top: 15px !important;}&#8221;][vc_separator color=&#8221;custom&#8221; align=&#8221;align_left&#8221; style=&#8221;dashed&#8221; accent_color=&#8221;#545454&#8243;][vc_tta_accordion style=&#8221;modern&#8221; color=&#8221;black&#8221; active_section=&#8221;4984984&#8243; collapsible_all=&#8221;true&#8221;][vc_tta_section title=&#8221;Remote Terminal Units&#8221; tab_id=&#8221;1521577947290-0761a334-d4ed&#8221;][vc_row_inner css=&#8221;.vc_custom_1521141200377{padding-top: -10px !important;}&#8221;][vc_column_inner width=&#8221;1\/4&#8243;][vc_single_image image=&#8221;1051&#8243; img_size=&#8221;75&#215;75&#8243; style=&#8221;vc_box_shadow&#8221; onclick=&#8221;custom_link&#8221; img_link_target=&#8221;_blank&#8221; link=&#8221;\/en\/hardware\/modulos-de-comunicacao\/&#8221;][\/vc_column_inner][vc_column_inner width=&#8221;3\/4&#8243;][vc_custom_heading text=&#8221;Compatible with all<br \/>\nRemote Terminal Units&#8221; font_container=&#8221;tag:h3|font_size:12|text_align:left|color:%232459b8|line_height:1&#8243; use_theme_fonts=&#8221;yes&#8221; link=&#8221;url:%2Fen%2Fhardware%2Fmodulos-de-comunicacao%2F||target:%20_blank|&#8221; css=&#8221;.vc_custom_1536592938710{margin-top: -83px !important;margin-left: 85px !important;}&#8221;][\/vc_column_inner][\/vc_row_inner][\/vc_tta_section][\/vc_tta_accordion][\/vc_column][\/vc_row][vc_row full_width=&#8221;stretch_row&#8221; css=&#8221;.vc_custom_1521146241794{background-color: #b7b7b7 !important;}&#8221;][vc_column][vc_custom_heading text=&#8221;Technical Specification&#8221; font_container=&#8221;tag:h2|font_size:30|text_align:left|color:%23545454|line_height:30px&#8221; use_theme_fonts=&#8221;yes&#8221;][vc_separator color=&#8221;custom&#8221; align=&#8221;align_left&#8221; style=&#8221;dotted&#8221; accent_color=&#8221;#000000&#8243; css=&#8221;.vc_custom_1521123661254{margin-bottom: -20px !important;}&#8221;]<div class=\"infobox\" ><div class=\"infobox_wrapper\"><span class=\"ib-desc\"><\/p>\n<ul>\n<li><b>Connector A:<\/b> Female DB9 &#8211; RS232 Serial<\/li>\n<li><b>Connector B:<\/b> Male RJ45 &#8211; RS232 Serial<\/li>\n<li><b>Power Supply:<\/b> Voltage Regulator 10VCC to 5VCC &#8211; 9 Pin Connector A<\/li>\n<li><b>Cable Specifications:<\/b> RJ45 Flat Cable 8 x 26 AWG<\/li>\n<li><b>Standard Size:<\/b> 1,50m<\/li>\n<\/ul>\n<p><\/span><\/div><\/div>\n[\/vc_column][\/vc_row][vc_row full_width=&#8221;stretch_row&#8221; css=&#8221;.vc_custom_1521487971897{margin-bottom: -10px !important;background-color: #ffffff !important;}&#8221;][vc_column][vc_custom_heading text=&#8221;Technical Drawing&#8221; font_container=&#8221;tag:h2|font_size:30|text_align:left|color:%23545454&#8243; use_theme_fonts=&#8221;yes&#8221;][vc_separator color=&#8221;custom&#8221; align=&#8221;align_left&#8221; style=&#8221;dashed&#8221; accent_color=&#8221;#545454&#8243;][vc_single_image image=&#8221;1607&#8243; img_size=&#8221;full&#8221; alignment=&#8221;center&#8221;][\/vc_column][\/vc_row][vc_row full_width=&#8221;stretch_row&#8221; css=&#8221;.vc_custom_1521488376967{background-color: #545454 !important;}&#8221;][vc_column width=&#8221;1\/6&#8243; css=&#8221;.vc_custom_1521579151051{margin-left: 160px !important;}&#8221; offset=&#8221;vc_hidden-md vc_hidden-sm vc_hidden-xs&#8221;][vc_icon icon_fontawesome=&#8221;fa fa-chevron-left&#8221; color=&#8221;white&#8221; align=&#8221;right&#8221; css=&#8221;.vc_custom_1536593004369{margin-top: -25px !important;margin-bottom: 10px !important;}&#8221; link=&#8221;url:%2Fen%2Fhardware%2Fcabos%2Fcabos-especificos%2F|||&#8221;][\/vc_column][vc_column width=&#8221;1\/6&#8243; css=&#8221;.vc_custom_1521579158885{margin-top: 10px !important;margin-left: 30px !important;}&#8221; offset=&#8221;vc_hidden-md vc_hidden-sm vc_hidden-xs&#8221;][vc_single_image image=&#8221;2128&#8243; img_size=&#8221;40&#215;40&#8243; alignment=&#8221;right&#8221; onclick=&#8221;custom_link&#8221; css=&#8221;.vc_custom_1536593011209{margin-top: -25px !important;margin-bottom: -50px !important;}&#8221; link=&#8221;\/en\/hardware\/cabos\/cabos-especificos\/&#8221;][\/vc_column][vc_column width=&#8221;4\/6&#8243; offset=&#8221;vc_hidden-md vc_hidden-sm vc_hidden-xs&#8221;][vc_custom_heading text=&#8221;Back to Specific Cables&#8221; font_container=&#8221;tag:h3|font_size:25|text_align:left|color:%23ffffff&#8221; use_theme_fonts=&#8221;yes&#8221; css=&#8221;.vc_custom_1536593025573{margin-top: -7px !important;margin-left: 35px !important;}&#8221; link=&#8221;url:%2Fen%2Fhardware%2Fcabos%2Fcabos-especificos%2F|||&#8221;][\/vc_column][\/vc_row][vc_row full_width=&#8221;stretch_row&#8221; css=&#8221;.vc_custom_1521488376967{background-color: #545454 !important;}&#8221;][vc_column offset=&#8221;vc_hidden-lg&#8221;][vc_single_image image=&#8221;2128&#8243; img_size=&#8221;40&#215;40&#8243; alignment=&#8221;center&#8221; onclick=&#8221;custom_link&#8221; css=&#8221;.vc_custom_1536593033015{margin-top: -18px !important;}&#8221; link=&#8221;\/en\/hardware\/cabos\/cabos-especificos\/&#8221;][vc_custom_heading text=&#8221;Back to Specific Cables&#8221; font_container=&#8221;tag:h3|font_size:15|text_align:center|color:%23ffffff|line_height:25px&#8221; use_theme_fonts=&#8221;yes&#8221; css=&#8221;.vc_custom_1536593042833{margin-top: -20px !important;}&#8221; link=&#8221;url:%2Fen%2Fhardware%2Fcabos%2Fcabos-especificos%2F|||&#8221;][\/vc_column][\/vc_row]<\/p>\n<\/div>","protected":false},"excerpt":{"rendered":"<p>[vc_row css=&#8221;.vc_custom_1521559636302{margin-top: 30px !important;}&#8221;][vc_column width=&#8221;4\/6&#8243; css=&#8221;.vc_custom_1521578060712{margin-bottom: 20px !important;}&#8221; offset=&#8221;vc_hidden-md vc_hidden-sm vc_hidden-xs&#8221;][vc_custom_heading text=&#8221;RS2000 RS232 SL7000 SD 5V Cable&#8221; font_container=&#8221;tag:h2|font_size:35|text_align:left&#8221; use_theme_fonts=&#8221;yes&#8221;][vc_separator color=&#8221;custom&#8221; align=&#8221;align_left&#8221; style=&#8221;dashed&#8221; accent_color=&#8221;#135ab8&#8243;][vc_column_text]More information about Specific<span class=\"excerpt-hellip\"> [\u2026]<\/span><\/p>\n","protected":false},"author":1,"featured_media":0,"parent":3532,"menu_order":0,"comment_status":"closed","ping_status":"closed","template":"","meta":{"footnotes":""},"_links":{"self":[{"href":"https:\/\/catalogo.castecnologia.com.br\/en\/wp-json\/wp\/v2\/pages\/3963"}],"collection":[{"href":"https:\/\/catalogo.castecnologia.com.br\/en\/wp-json\/wp\/v2\/pages"}],"about":[{"href":"https:\/\/catalogo.castecnologia.com.br\/en\/wp-json\/wp\/v2\/types\/page"}],"author":[{"embeddable":true,"href":"https:\/\/catalogo.castecnologia.com.br\/en\/wp-json\/wp\/v2\/users\/1"}],"replies":[{"embeddable":true,"href":"https:\/\/catalogo.castecnologia.com.br\/en\/wp-json\/wp\/v2\/comments?post=3963"}],"version-history":[{"count":3,"href":"https:\/\/catalogo.castecnologia.com.br\/en\/wp-json\/wp\/v2\/pages\/3963\/revisions"}],"predecessor-version":[{"id":4661,"href":"https:\/\/catalogo.castecnologia.com.br\/en\/wp-json\/wp\/v2\/pages\/3963\/revisions\/4661"}],"up":[{"embeddable":true,"href":"https:\/\/catalogo.castecnologia.com.br\/en\/wp-json\/wp\/v2\/pages\/3532"}],"wp:attachment":[{"href":"https:\/\/catalogo.castecnologia.com.br\/en\/wp-json\/wp\/v2\/media?parent=3963"}],"curies":[{"name":"wp","href":"https:\/\/api.w.org\/{rel}","templated":true}]}}