{"id":3784,"date":"2018-05-08T15:10:52","date_gmt":"2018-05-08T18:10:52","guid":{"rendered":"https:\/\/catalogo.castecnologia.com.br\/hardware\/antenas\/cas-antena-3g-gsm-850-900-1800-1900-2100-mhz\/"},"modified":"2018-09-13T15:40:06","modified_gmt":"2018-09-13T18:40:06","slug":"cas-antena-3g-gsm-850-900-1800-1900-2100-mhz","status":"publish","type":"page","link":"https:\/\/catalogo.castecnologia.com.br\/en\/hardware\/antenas\/cas-antena-3g-gsm-850-900-1800-1900-2100-mhz\/","title":{"rendered":"CAS Antenna 3G\/GSM 850\/900\/1800\/1900\/2100 MHz"},"content":{"rendered":"<div class=\"wpb-content-wrapper\"><p>[vc_row css=&#8221;.vc_custom_1521559636302{margin-top: 30px !important;}&#8221;][vc_column width=&#8221;4\/6&#8243; css=&#8221;.vc_custom_1521578060712{margin-bottom: 20px !important;}&#8221; offset=&#8221;vc_hidden-md vc_hidden-sm vc_hidden-xs&#8221;][vc_custom_heading text=&#8221;CAS Antenna 3G\/GSM<br \/>\n850\/900\/1800\/1900\/2100 MHz&#8221; font_container=&#8221;tag:h2|font_size:35|text_align:left&#8221; use_theme_fonts=&#8221;yes&#8221;][vc_separator color=&#8221;custom&#8221; align=&#8221;align_left&#8221; style=&#8221;dashed&#8221; accent_color=&#8221;#135ab8&#8243;][vc_column_text]More information about Antennas by clicking on &#8220;<strong>Contact Us<\/strong>&#8221; and downloading the <strong>PDF<\/strong> with the technical specifications.[\/vc_column_text][vc_btn title=&#8221;PDF Download&#8221; style=&#8221;flat&#8221; color=&#8221;inverse&#8221; size=&#8221;lg&#8221; align=&#8221;center&#8221; i_icon_fontawesome=&#8221;fa fa-file-pdf-o&#8221; button_block=&#8221;true&#8221; add_icon=&#8221;true&#8221; link=&#8221;url:%2Fdownloads%2Fpdf%2Fhw%2Fen%2Fantenas%2Fcas-antena-3g-gsm-850-900-1800-1900-2100-mhz.pdf||target:%20_blank|&#8221;][vc_column_text css=&#8221;.vc_custom_1536096115783{margin-top: -40px !important;}&#8221;]<a class=\"fancybox-inline\" href=\"#contact_form_pop\"><br \/>\n<img decoding=\"async\" class=\"opacidadeimg\" src=\"\/wp-content\/uploads\/2018\/08\/i-want-to-be-contacted-MAIOR.png\" alt=\"Contact Us\" loading=\"lazy\" \/><\/a><\/p>\n<div class=\"fancybox-hidden\" style=\"display: none;\">\n<div id=\"contact_form_pop\" class=\"hentry\" style=\"width: 460px; max-width: 100%;\"><center>\n<div class=\"wpcf7 no-js\" id=\"wpcf7-f3460-o1\" lang=\"en-US\" dir=\"ltr\">\n<div class=\"screen-reader-response\"><p role=\"status\" aria-live=\"polite\" aria-atomic=\"true\"><\/p> <ul><\/ul><\/div>\n<form action=\"\/en\/wp-json\/wp\/v2\/pages\/3784#wpcf7-f3460-o1\" method=\"post\" class=\"wpcf7-form init\" aria-label=\"Contact form\" novalidate=\"novalidate\" data-status=\"init\">\n<div style=\"display: none;\">\n<input type=\"hidden\" name=\"_wpcf7\" value=\"3460\" \/>\n<input type=\"hidden\" name=\"_wpcf7_version\" value=\"5.9.5\" \/>\n<input type=\"hidden\" name=\"_wpcf7_locale\" value=\"en_US\" \/>\n<input type=\"hidden\" name=\"_wpcf7_unit_tag\" value=\"wpcf7-f3460-o1\" \/>\n<input type=\"hidden\" name=\"_wpcf7_container_post\" value=\"0\" \/>\n<input type=\"hidden\" name=\"_wpcf7_posted_data_hash\" value=\"\" \/>\n<input type=\"hidden\" name=\"_extcf7_conditional_options\" value=\"{&quot;form_id&quot;:3460,&quot;conditions&quot;:[]}\" \/>\n<input type=\"hidden\" name=\"_extcf7_redirect_options\" value=\"{&quot;form_id&quot;:3460,&quot;redirect_options&quot;:{&quot;redirection_enable&quot;:&quot;on&quot;,&quot;custom_url_enable&quot;:&quot;off&quot;,&quot;redirect_page&quot;:&quot;https:\\\/\\\/catalogo.castecnologia.com.br\\\/contato-enviado\\\/&quot;,&quot;custom_urle&quot;:&quot;&quot;,&quot;redirect_new_tab&quot;:&quot;off&quot;,&quot;js_action&quot;:&quot;off&quot;,&quot;javascript_code&quot;:&quot;&quot;}}\" \/>\n<input type=\"hidden\" name=\"_wpcf7_recaptcha_response\" value=\"\" \/>\n<\/div>\n<h3>Preencha o formul\u00e1rio abaixo:\n<\/h3>\n<div class=\"column one\">\n\t<p><span class=\"wpcf7-form-control-wrap\" data-name=\"your-name\"><input size=\"40\" class=\"wpcf7-form-control wpcf7-text wpcf7-validates-as-required\" aria-required=\"true\" aria-invalid=\"false\" placeholder=\"Seu nome\" value=\"\" type=\"text\" name=\"your-name\" \/><\/span>\n\t<\/p>\n<\/div>\n<div class=\"column one-second\">\n\t<p><span class=\"wpcf7-form-control-wrap\" data-name=\"your-company\"><input size=\"40\" class=\"wpcf7-form-control wpcf7-text\" aria-invalid=\"false\" placeholder=\"Empresa\" value=\"\" type=\"text\" name=\"your-company\" \/><\/span>\n\t<\/p>\n<\/div>\n<div class=\"column one-second\">\n\t<p><span class=\"wpcf7-form-control-wrap\" data-name=\"your-phone\"><input size=\"40\" class=\"wpcf7-form-control wpcf7-text wpcf7-validates-as-required\" aria-required=\"true\" aria-invalid=\"false\" placeholder=\"Whatsapp\" value=\"\" type=\"text\" name=\"your-phone\" \/><\/span>\n\t<\/p>\n<\/div>\n<div class=\"column one\">\n\t<p><span class=\"wpcf7-form-control-wrap\" data-name=\"your-email\"><input size=\"40\" class=\"wpcf7-form-control wpcf7-email wpcf7-validates-as-required wpcf7-text wpcf7-validates-as-email\" aria-required=\"true\" aria-invalid=\"false\" placeholder=\"Seu E-mail\" value=\"\" type=\"email\" name=\"your-email\" \/><\/span>\n\t<\/p>\n<\/div>\n<div class=\"column one\">\n\t<p><span class=\"wpcf7-form-control-wrap\" data-name=\"your-message\"><textarea cols=\"40\" rows=\"8\" class=\"wpcf7-form-control wpcf7-textarea wpcf7-validates-as-required\" aria-required=\"true\" aria-invalid=\"false\" placeholder=\"Mensagem\" name=\"your-message\"><\/textarea><\/span>\n\t<\/p>\n<\/div>\n<div class=\"column one\">\n\t<p><span class=\"wpcf7-form-control-wrap\" data-name=\"checkbox-lgpd\"><span class=\"wpcf7-form-control wpcf7-checkbox wpcf7-validates-as-required\"><span class=\"wpcf7-list-item first last\"><label><input type=\"checkbox\" name=\"checkbox-lgpd[]\" value=\"Concordo em compartilhar estas informa\u00e7\u00f5es com a CAS Tecnologia conforme a Pol\u00edtica de Privacidade.\" \/><span class=\"wpcf7-list-item-label\">Concordo em compartilhar estas informa\u00e7\u00f5es com a CAS Tecnologia conforme a Pol\u00edtica de Privacidade.<\/span><\/label><\/span><\/span><\/span>\n\t<\/p>\n<\/div>\n<div class=\"column one\">\n\t<p>Veja nossa <a href=\"https:\/\/catalogo.castecnologia.com.br\/politica-de-privacidade\/\" target=\"_blank\">Pol\u00edtica de Privacidade<\/a>.\n\t<\/p>\n<\/div>\n<div class=\"column one\">\n\t<p><input class=\"wpcf7-form-control wpcf7-submit has-spinner button_full_width\" type=\"submit\" value=\"Enviar\" \/>\n\t<\/p>\n<\/div><div class=\"wpcf7-response-output\" aria-hidden=\"true\"><\/div>\n<\/form>\n<\/div>\n<\/center><\/div>\n<\/div>\n<p>[\/vc_column_text][\/vc_column][vc_column width=&#8221;2\/6&#8243; css=&#8221;.vc_custom_1521578087252{margin-top: 57px !important;padding-left: 30px !important;}&#8221; offset=&#8221;vc_hidden-md vc_hidden-sm vc_hidden-xs&#8221;][vc_images_carousel images=&#8221;1343&#8243; img_size=&#8221;full&#8221; onclick=&#8221;link_no&#8221; speed=&#8221;4000&#8243; autoplay=&#8221;yes&#8221; hide_prev_next_buttons=&#8221;yes&#8221; wrap=&#8221;yes&#8221; css_animation=&#8221;fadeIn&#8221; css=&#8221;.vc_custom_1525802011672{margin-bottom: -25px !important;}&#8221;][vc_row_inner][vc_column_inner width=&#8221;1\/4&#8243; css=&#8221;.vc_custom_1521662349170{margin-bottom: -60px !important;}&#8221;][vc_single_image image=&#8221;1786&#8243; img_size=&#8221;&#8221; alignment=&#8221;center&#8221; css=&#8221;.vc_custom_1524516577041{margin-top: 25px !important;margin-bottom: -15px !important;}&#8221;][\/vc_column_inner][vc_column_inner width=&#8221;3\/4&#8243; css=&#8221;.vc_custom_1521662344893{margin-top: 20px !important;margin-bottom: -10px !important;padding-bottom: -10px !important;padding-left: -10px !important;}&#8221;][vc_column_text]<\/p>\n<h4>Antennas<br \/>\n2,5 dBi<br \/>\nref. 131.0148.00<\/h4>\n<p>[\/vc_column_text][\/vc_column_inner][\/vc_row_inner][\/vc_column][\/vc_row][vc_row css=&#8221;.vc_custom_1521559636302{margin-top: 30px !important;}&#8221;][vc_column css=&#8221;.vc_custom_1521578199573{margin-bottom: 20px !important;}&#8221; offset=&#8221;vc_hidden-lg&#8221;][vc_custom_heading text=&#8221;CAS Antenna 3G\/GSM<br \/>\n850\/900\/1800\/1900\/2100 MHz&#8221; font_container=&#8221;tag:h2|font_size:22|text_align:left|line_height:1&#8243; use_theme_fonts=&#8221;yes&#8221; css=&#8221;.vc_custom_1536774462041{margin-top: -25px !important;}&#8221;][vc_separator color=&#8221;custom&#8221; align=&#8221;align_left&#8221; style=&#8221;dashed&#8221; accent_color=&#8221;#135ab8&#8243;][vc_images_carousel images=&#8221;1343&#8243; img_size=&#8221;full&#8221; onclick=&#8221;link_no&#8221; autoplay=&#8221;yes&#8221; hide_prev_next_buttons=&#8221;yes&#8221; wrap=&#8221;yes&#8221; css_animation=&#8221;fadeIn&#8221; css=&#8221;.vc_custom_1525802271993{margin-bottom: -10px !important;}&#8221;]<div class=\"list_item lists_2 clearfix\"><div class=\"list_left list_image\"><img fetchpriority=\"high\" decoding=\"async\" src=\"https:\/\/catalogo.castecnologia.com.br\/wp-content\/uploads\/2018\/04\/cas-antena@3x.png\" class=\"scale-with-grid\" alt=\"cas-antena\" width=\"1572\" height=\"1572\"\/><\/div><div class=\"list_right\"><div class=\"desc\"><\/p>\n<h5 style=\"margin-top: -25px;\">Antennas<br \/>\n2,5 dBi<br \/>\nref. 131.0148.00<\/h5>\n<p><\/div><\/div><\/div>\n[vc_column_text css=&#8221;.vc_custom_1536096081345{margin-top: -30px !important;}&#8221;]More information about Antennas by clicking on &#8220;<strong>Contact Us<\/strong>&#8221; and downloading the <strong>PDF<\/strong> with the technical specifications.[\/vc_column_text][vc_column_text css=&#8221;.vc_custom_1536096096649{margin-top: -30px !important;}&#8221;]<a class=\"fancybox-inline\" href=\"#contact_form_pop\"><br \/>\n<img decoding=\"async\" class=\"opacidadeimg\" src=\"\/wp-content\/uploads\/2018\/08\/i-want-to-be-contacted.png\" alt=\"Contact Us\" loading=\"lazy\" \/><\/a><\/p>\n<div class=\"fancybox-hidden\" style=\"display: none;\">\n<div id=\"contact_form_pop\" class=\"hentry\" style=\"width: 460px; max-width: 100%;\"><center>\n<div class=\"wpcf7 no-js\" id=\"wpcf7-f3460-o2\" lang=\"en-US\" dir=\"ltr\">\n<div class=\"screen-reader-response\"><p role=\"status\" aria-live=\"polite\" aria-atomic=\"true\"><\/p> <ul><\/ul><\/div>\n<form action=\"\/en\/wp-json\/wp\/v2\/pages\/3784#wpcf7-f3460-o2\" method=\"post\" class=\"wpcf7-form init\" aria-label=\"Contact form\" novalidate=\"novalidate\" data-status=\"init\">\n<div style=\"display: none;\">\n<input type=\"hidden\" name=\"_wpcf7\" value=\"3460\" \/>\n<input type=\"hidden\" name=\"_wpcf7_version\" value=\"5.9.5\" \/>\n<input type=\"hidden\" name=\"_wpcf7_locale\" value=\"en_US\" \/>\n<input type=\"hidden\" name=\"_wpcf7_unit_tag\" value=\"wpcf7-f3460-o2\" \/>\n<input type=\"hidden\" name=\"_wpcf7_container_post\" value=\"0\" \/>\n<input type=\"hidden\" name=\"_wpcf7_posted_data_hash\" value=\"\" \/>\n<input type=\"hidden\" name=\"_extcf7_conditional_options\" value=\"{&quot;form_id&quot;:3460,&quot;conditions&quot;:[]}\" \/>\n<input type=\"hidden\" name=\"_extcf7_redirect_options\" value=\"{&quot;form_id&quot;:3460,&quot;redirect_options&quot;:{&quot;redirection_enable&quot;:&quot;on&quot;,&quot;custom_url_enable&quot;:&quot;off&quot;,&quot;redirect_page&quot;:&quot;https:\\\/\\\/catalogo.castecnologia.com.br\\\/contato-enviado\\\/&quot;,&quot;custom_urle&quot;:&quot;&quot;,&quot;redirect_new_tab&quot;:&quot;off&quot;,&quot;js_action&quot;:&quot;off&quot;,&quot;javascript_code&quot;:&quot;&quot;}}\" \/>\n<input type=\"hidden\" name=\"_wpcf7_recaptcha_response\" value=\"\" \/>\n<\/div>\n<h3>Preencha o formul\u00e1rio abaixo:\n<\/h3>\n<div class=\"column one\">\n\t<p><span class=\"wpcf7-form-control-wrap\" data-name=\"your-name\"><input size=\"40\" class=\"wpcf7-form-control wpcf7-text wpcf7-validates-as-required\" aria-required=\"true\" aria-invalid=\"false\" placeholder=\"Seu nome\" value=\"\" type=\"text\" name=\"your-name\" \/><\/span>\n\t<\/p>\n<\/div>\n<div class=\"column one-second\">\n\t<p><span class=\"wpcf7-form-control-wrap\" data-name=\"your-company\"><input size=\"40\" class=\"wpcf7-form-control wpcf7-text\" aria-invalid=\"false\" placeholder=\"Empresa\" value=\"\" type=\"text\" name=\"your-company\" \/><\/span>\n\t<\/p>\n<\/div>\n<div class=\"column one-second\">\n\t<p><span class=\"wpcf7-form-control-wrap\" data-name=\"your-phone\"><input size=\"40\" class=\"wpcf7-form-control wpcf7-text wpcf7-validates-as-required\" aria-required=\"true\" aria-invalid=\"false\" placeholder=\"Whatsapp\" value=\"\" type=\"text\" name=\"your-phone\" \/><\/span>\n\t<\/p>\n<\/div>\n<div class=\"column one\">\n\t<p><span class=\"wpcf7-form-control-wrap\" data-name=\"your-email\"><input size=\"40\" class=\"wpcf7-form-control wpcf7-email wpcf7-validates-as-required wpcf7-text wpcf7-validates-as-email\" aria-required=\"true\" aria-invalid=\"false\" placeholder=\"Seu E-mail\" value=\"\" type=\"email\" name=\"your-email\" \/><\/span>\n\t<\/p>\n<\/div>\n<div class=\"column one\">\n\t<p><span class=\"wpcf7-form-control-wrap\" data-name=\"your-message\"><textarea cols=\"40\" rows=\"8\" class=\"wpcf7-form-control wpcf7-textarea wpcf7-validates-as-required\" aria-required=\"true\" aria-invalid=\"false\" placeholder=\"Mensagem\" name=\"your-message\"><\/textarea><\/span>\n\t<\/p>\n<\/div>\n<div class=\"column one\">\n\t<p><span class=\"wpcf7-form-control-wrap\" data-name=\"checkbox-lgpd\"><span class=\"wpcf7-form-control wpcf7-checkbox wpcf7-validates-as-required\"><span class=\"wpcf7-list-item first last\"><label><input type=\"checkbox\" name=\"checkbox-lgpd[]\" value=\"Concordo em compartilhar estas informa\u00e7\u00f5es com a CAS Tecnologia conforme a Pol\u00edtica de Privacidade.\" \/><span class=\"wpcf7-list-item-label\">Concordo em compartilhar estas informa\u00e7\u00f5es com a CAS Tecnologia conforme a Pol\u00edtica de Privacidade.<\/span><\/label><\/span><\/span><\/span>\n\t<\/p>\n<\/div>\n<div class=\"column one\">\n\t<p>Veja nossa <a href=\"https:\/\/catalogo.castecnologia.com.br\/politica-de-privacidade\/\" target=\"_blank\">Pol\u00edtica de Privacidade<\/a>.\n\t<\/p>\n<\/div>\n<div class=\"column one\">\n\t<p><input class=\"wpcf7-form-control wpcf7-submit has-spinner button_full_width\" type=\"submit\" value=\"Enviar\" \/>\n\t<\/p>\n<\/div><div class=\"wpcf7-response-output\" aria-hidden=\"true\"><\/div>\n<\/form>\n<\/div>\n<\/center><\/div>\n<\/div>\n<p>[\/vc_column_text][vc_btn title=&#8221;PDF Download&#8221; style=&#8221;flat&#8221; color=&#8221;inverse&#8221; size=&#8221;lg&#8221; align=&#8221;center&#8221; i_icon_fontawesome=&#8221;fa fa-file-pdf-o&#8221; button_block=&#8221;true&#8221; add_icon=&#8221;true&#8221; link=&#8221;url:%2Fdownloads%2Fpdf%2Fhw%2Fen%2Fantenas%2Fcas-antena-3g-gsm-850-900-1800-1900-2100-mhz.pdf||target:%20_blank|&#8221; css=&#8221;.vc_custom_1536096109075{margin-top: -20px !important;}&#8221;][\/vc_column][\/vc_row][vc_row full_width=&#8221;stretch_row&#8221; css=&#8221;.vc_custom_1521146241794{background-color: #b7b7b7 !important;}&#8221;][vc_column][vc_custom_heading text=&#8221;Technical Specification&#8221; font_container=&#8221;tag:h2|font_size:30|text_align:left|color:%23545454|line_height:30px&#8221; use_theme_fonts=&#8221;yes&#8221;][vc_separator color=&#8221;custom&#8221; align=&#8221;align_left&#8221; style=&#8221;dotted&#8221; accent_color=&#8221;#000000&#8243; css=&#8221;.vc_custom_1521123661254{margin-bottom: -20px !important;}&#8221;]<div class=\"infobox\" ><div class=\"infobox_wrapper\"><span class=\"ib-desc\"><\/p>\n<ul>\n<li><b>Polarization:<\/b> Vertical<\/li>\n<li><b>Frequency:<\/b> 800~960MHz \/ 1710~2170MHz<\/li>\n<li><b>Gain:<\/b> 2,5dBi<\/li>\n<li><b>Impedance:<\/b> 50ohms<\/li>\n<li><b>Connector A:<\/b> Male TNC<\/li>\n<li><b>Cable:<\/b> Not included<\/li>\n<li><b>Base Material:<\/b> Rubber<\/li>\n<li><b>Number of Elements:<\/b> Not applied<\/li>\n<li><b>Dimensions:<\/b> 205mm x 42mm<\/li>\n<li><b>Weight:<\/b> 30g<\/li>\n<\/ul>\n<p><\/span><\/div><\/div>\n[\/vc_column][\/vc_row][vc_row full_width=&#8221;stretch_row&#8221; css=&#8221;.vc_custom_1521487971897{margin-bottom: -10px !important;background-color: #ffffff !important;}&#8221;][vc_column][vc_custom_heading text=&#8221;Technical Drawing&#8221; font_container=&#8221;tag:h2|font_size:30|text_align:left|color:%23545454&#8243; use_theme_fonts=&#8221;yes&#8221;][vc_separator color=&#8221;custom&#8221; align=&#8221;align_left&#8221; style=&#8221;dashed&#8221; accent_color=&#8221;#545454&#8243;][vc_single_image image=&#8221;1607&#8243; img_size=&#8221;full&#8221; alignment=&#8221;center&#8221;][\/vc_column][\/vc_row][vc_row full_width=&#8221;stretch_row&#8221; css=&#8221;.vc_custom_1521488376967{background-color: #545454 !important;}&#8221;][vc_column width=&#8221;1\/6&#8243; css=&#8221;.vc_custom_1521579151051{margin-left: 160px !important;}&#8221; offset=&#8221;vc_hidden-md vc_hidden-sm vc_hidden-xs&#8221;][vc_icon icon_fontawesome=&#8221;fa fa-chevron-left&#8221; color=&#8221;white&#8221; align=&#8221;right&#8221; css=&#8221;.vc_custom_1536096480528{margin-top: -25px !important;margin-bottom: 10px !important;}&#8221; link=&#8221;url:%2Fen%2Fhardware%2Fantenas%2F|||&#8221;][\/vc_column][vc_column width=&#8221;1\/6&#8243; css=&#8221;.vc_custom_1521579158885{margin-top: 10px !important;margin-left: 30px !important;}&#8221; offset=&#8221;vc_hidden-md vc_hidden-sm vc_hidden-xs&#8221;][vc_single_image image=&#8221;1788&#8243; img_size=&#8221;40&#215;40&#8243; alignment=&#8221;right&#8221; onclick=&#8221;custom_link&#8221; css=&#8221;.vc_custom_1536096473607{margin-top: -25px !important;margin-bottom: -50px !important;}&#8221; link=&#8221;\/en\/hardware\/antenas\/&#8221;][\/vc_column][vc_column width=&#8221;4\/6&#8243; offset=&#8221;vc_hidden-md vc_hidden-sm vc_hidden-xs&#8221;][vc_custom_heading text=&#8221;Back to Antennas&#8221; font_container=&#8221;tag:h3|font_size:25|text_align:left|color:%23ffffff&#8221; use_theme_fonts=&#8221;yes&#8221; css=&#8221;.vc_custom_1536096466348{margin-top: -7px !important;margin-left: 35px !important;}&#8221; link=&#8221;url:%2Fen%2Fhardware%2Fantenas%2F|||&#8221;][\/vc_column][\/vc_row][vc_row full_width=&#8221;stretch_row&#8221; css=&#8221;.vc_custom_1521488376967{background-color: #545454 !important;}&#8221;][vc_column offset=&#8221;vc_hidden-lg&#8221;][vc_single_image image=&#8221;1788&#8243; img_size=&#8221;40&#215;40&#8243; alignment=&#8221;center&#8221; onclick=&#8221;custom_link&#8221; css=&#8221;.vc_custom_1536096487905{margin-top: -18px !important;}&#8221; link=&#8221;\/en\/hardware\/antenas\/&#8221;][vc_custom_heading text=&#8221;Back to Antennas&#8221; font_container=&#8221;tag:h3|font_size:15|text_align:center|color:%23ffffff|line_height:25px&#8221; use_theme_fonts=&#8221;yes&#8221; css=&#8221;.vc_custom_1536096494577{margin-top: -20px !important;}&#8221; link=&#8221;url:%2Fen%2Fhardware%2Fantenas%2F|||&#8221;][\/vc_column][\/vc_row]<\/p>\n<\/div>","protected":false},"excerpt":{"rendered":"<p>[vc_row css=&#8221;.vc_custom_1521559636302{margin-top: 30px !important;}&#8221;][vc_column width=&#8221;4\/6&#8243; css=&#8221;.vc_custom_1521578060712{margin-bottom: 20px !important;}&#8221; offset=&#8221;vc_hidden-md vc_hidden-sm vc_hidden-xs&#8221;][vc_custom_heading text=&#8221;CAS Antenna 3G\/GSM 850\/900\/1800\/1900\/2100 MHz&#8221; font_container=&#8221;tag:h2|font_size:35|text_align:left&#8221; use_theme_fonts=&#8221;yes&#8221;][vc_separator color=&#8221;custom&#8221; align=&#8221;align_left&#8221; style=&#8221;dashed&#8221; accent_color=&#8221;#135ab8&#8243;][vc_column_text]More information about Antennas by<span class=\"excerpt-hellip\"> [\u2026]<\/span><\/p>\n","protected":false},"author":1,"featured_media":0,"parent":3506,"menu_order":0,"comment_status":"closed","ping_status":"closed","template":"","meta":{"footnotes":""},"_links":{"self":[{"href":"https:\/\/catalogo.castecnologia.com.br\/en\/wp-json\/wp\/v2\/pages\/3784"}],"collection":[{"href":"https:\/\/catalogo.castecnologia.com.br\/en\/wp-json\/wp\/v2\/pages"}],"about":[{"href":"https:\/\/catalogo.castecnologia.com.br\/en\/wp-json\/wp\/v2\/types\/page"}],"author":[{"embeddable":true,"href":"https:\/\/catalogo.castecnologia.com.br\/en\/wp-json\/wp\/v2\/users\/1"}],"replies":[{"embeddable":true,"href":"https:\/\/catalogo.castecnologia.com.br\/en\/wp-json\/wp\/v2\/comments?post=3784"}],"version-history":[{"count":3,"href":"https:\/\/catalogo.castecnologia.com.br\/en\/wp-json\/wp\/v2\/pages\/3784\/revisions"}],"predecessor-version":[{"id":4147,"href":"https:\/\/catalogo.castecnologia.com.br\/en\/wp-json\/wp\/v2\/pages\/3784\/revisions\/4147"}],"up":[{"embeddable":true,"href":"https:\/\/catalogo.castecnologia.com.br\/en\/wp-json\/wp\/v2\/pages\/3506"}],"wp:attachment":[{"href":"https:\/\/catalogo.castecnologia.com.br\/en\/wp-json\/wp\/v2\/media?parent=3784"}],"curies":[{"name":"wp","href":"https:\/\/api.w.org\/{rel}","templated":true}]}}